{"id":93858,"date":"2026-03-24T14:58:05","date_gmt":"2026-03-24T13:58:05","guid":{"rendered":"https:\/\/pokemonfigurer.webgiantdemo.se\/?post_type=product&#038;p=93858"},"modified":"2026-03-24T14:59:22","modified_gmt":"2026-03-24T13:59:22","slug":"pokemon-pocket-bonsai-2-boxed-set-of-6-capsules","status":"publish","type":"product","link":"https:\/\/parlor.webgiantdemo.se\/en\/product\/pokemon-pocket-bonsai-2-boxed-set-of-6-capsules\/","title":{"rendered":"Pokemon Pocket Bonsai 2 Boxed Set of 6 Capsules"},"content":{"rendered":"<p>Denna serie inneh\u00e5ller sex charmiga Pok\u00e9mon tillsammans med olika bonsaitr\u00e4d. Setet inneh\u00e5ller: Pikachu &amp; Bonsly, Squirtle, Chespin &amp; Fletchling, Froslass, Lugia och Growlithe \u2014 perfekt f\u00f6r samlare!<\/p>","protected":false},"excerpt":{"rendered":"<p>Denna serie inneh\u00e5ller sex charmiga Pok\u00e9mon tillsammans med olika bonsaitr\u00e4d. Setet inneh\u00e5ller: Pikachu &amp; Bonsly, Squirtle, Chespin &amp; Fletchling, Froslass, Lugia och Growlithe \u2014 perfekt f\u00f6r samlare!<\/p>","protected":false},"featured_media":94012,"comment_status":"closed","ping_status":"closed","template":"","meta":{"_acf_changed":false},"product_brand":[7715],"product_cat":[7710,7714],"product_tag":[26],"class_list":{"0":"post-93858","1":"product","2":"type-product","3":"status-publish","4":"has-post-thumbnail","6":"product_brand-re-ment","7":"product_cat-pokemon","8":"product_cat-pre-order","9":"product_tag-pre-order","10":"pa_franchise-pokemon","12":"first","13":"instock","14":"taxable","15":"shipping-taxable","16":"purchasable","17":"product-type-simple"},"acf":[],"_links":{"self":[{"href":"https:\/\/parlor.webgiantdemo.se\/en\/wp-json\/wp\/v2\/product\/93858","targetHints":{"allow":["GET"]}}],"collection":[{"href":"https:\/\/parlor.webgiantdemo.se\/en\/wp-json\/wp\/v2\/product"}],"about":[{"href":"https:\/\/parlor.webgiantdemo.se\/en\/wp-json\/wp\/v2\/types\/product"}],"replies":[{"embeddable":true,"href":"https:\/\/parlor.webgiantdemo.se\/en\/wp-json\/wp\/v2\/comments?post=93858"}],"wp:featuredmedia":[{"embeddable":true,"href":"https:\/\/parlor.webgiantdemo.se\/en\/wp-json\/wp\/v2\/media\/94012"}],"wp:attachment":[{"href":"https:\/\/parlor.webgiantdemo.se\/en\/wp-json\/wp\/v2\/media?parent=93858"}],"wp:term":[{"taxonomy":"product_brand","embeddable":true,"href":"https:\/\/parlor.webgiantdemo.se\/en\/wp-json\/wp\/v2\/product_brand?post=93858"},{"taxonomy":"product_cat","embeddable":true,"href":"https:\/\/parlor.webgiantdemo.se\/en\/wp-json\/wp\/v2\/product_cat?post=93858"},{"taxonomy":"product_tag","embeddable":true,"href":"https:\/\/parlor.webgiantdemo.se\/en\/wp-json\/wp\/v2\/product_tag?post=93858"}],"curies":[{"name":"wp","href":"https:\/\/api.w.org\/{rel}","templated":true}]}}