{"id":93785,"date":"2026-03-24T14:57:39","date_gmt":"2026-03-24T13:57:39","guid":{"rendered":"https:\/\/pokemonfigurer.webgiantdemo.se\/?post_type=product&#038;p=93785"},"modified":"2026-03-24T14:58:47","modified_gmt":"2026-03-24T13:58:47","slug":"pokemon-electronic-mini-love-ball-replica","status":"publish","type":"product","link":"https:\/\/parlor.webgiantdemo.se\/en\/product\/pokemon-electronic-mini-love-ball-replica\/","title":{"rendered":"Pokemon Electronic Mini Love Ball Replica"},"content":{"rendered":"<p>Mini Love Ball l\u00e5ter fans och tr\u00e4nare samla Pok\u00e9 Balls i en helt ny miniatyrstorlek.<\/p>\n<p>Tillverkad i display-grade, ultrapr\u00e4mium precisionsgjuten metall som v\u00e5ra Die-Cast Pok\u00e9 Ball Replicas, \u00e4r Mini Love Ball Replica noggrant m\u00e5lad och utrustad med pek- och n\u00e4rhetsavk\u00e4nningsteknik. Den levereras med ett pekstyrt Mini-Love-Ball-displayst\u00e4ll som har en flerskiftande upplyst Pok\u00e9mon-logotyp och en f\u00e4rgskiftande upplyst displayring. Mini Love Ball kan \u00e4ven st\u00e4llas upp p\u00e5 sin egen silverpl\u00e4terade, autentiskt pr\u00e4glade samlarsymbol.<\/p>\n<p>Den h\u00e4r intrikat designade kopian \u00e4r en perfekt miniversion av den ikoniska Love Ball och adderar en ny dimension till din Pok\u00e9 Ball-samling.<\/p>","protected":false},"excerpt":{"rendered":"<p>Mini Love Ball l\u00e5ter fans och tr\u00e4nare samla Pok\u00e9 Balls i en helt ny miniatyrstorlek.<\/p>\n<p>Tillverkad i display-grade, ultrapr\u00e4mium precisionsgjuten metall som v\u00e5ra Die-Cast Pok\u00e9 Ball Replicas, \u00e4r Mini Love Ball Replica noggrant m\u00e5lad och utrustad med pek- och n\u00e4rhetsavk\u00e4nningsteknik. Den levereras med e<\/p>","protected":false},"featured_media":93951,"comment_status":"closed","ping_status":"closed","template":"","meta":{"_acf_changed":false},"product_brand":[7712],"product_cat":[7710],"product_tag":[24],"class_list":{"0":"post-93785","1":"product","2":"type-product","3":"status-publish","4":"has-post-thumbnail","6":"product_brand-wand-company","7":"product_cat-pokemon","8":"product_tag-2-3-weeks","9":"pa_franchise-pokemon","10":"pa_material-metal","12":"first","13":"instock","14":"taxable","15":"shipping-taxable","16":"purchasable","17":"product-type-simple"},"acf":[],"_links":{"self":[{"href":"https:\/\/parlor.webgiantdemo.se\/en\/wp-json\/wp\/v2\/product\/93785","targetHints":{"allow":["GET"]}}],"collection":[{"href":"https:\/\/parlor.webgiantdemo.se\/en\/wp-json\/wp\/v2\/product"}],"about":[{"href":"https:\/\/parlor.webgiantdemo.se\/en\/wp-json\/wp\/v2\/types\/product"}],"replies":[{"embeddable":true,"href":"https:\/\/parlor.webgiantdemo.se\/en\/wp-json\/wp\/v2\/comments?post=93785"}],"wp:featuredmedia":[{"embeddable":true,"href":"https:\/\/parlor.webgiantdemo.se\/en\/wp-json\/wp\/v2\/media\/93951"}],"wp:attachment":[{"href":"https:\/\/parlor.webgiantdemo.se\/en\/wp-json\/wp\/v2\/media?parent=93785"}],"wp:term":[{"taxonomy":"product_brand","embeddable":true,"href":"https:\/\/parlor.webgiantdemo.se\/en\/wp-json\/wp\/v2\/product_brand?post=93785"},{"taxonomy":"product_cat","embeddable":true,"href":"https:\/\/parlor.webgiantdemo.se\/en\/wp-json\/wp\/v2\/product_cat?post=93785"},{"taxonomy":"product_tag","embeddable":true,"href":"https:\/\/parlor.webgiantdemo.se\/en\/wp-json\/wp\/v2\/product_tag?post=93785"}],"curies":[{"name":"wp","href":"https:\/\/api.w.org\/{rel}","templated":true}]}}