{"id":93784,"date":"2026-03-24T14:57:39","date_gmt":"2026-03-24T13:57:39","guid":{"rendered":"https:\/\/pokemonfigurer.webgiantdemo.se\/?post_type=product&#038;p=93784"},"modified":"2026-03-24T14:58:44","modified_gmt":"2026-03-24T13:58:44","slug":"pokemon-electronic-mini-premier-ball-replica","status":"publish","type":"product","link":"https:\/\/parlor.webgiantdemo.se\/en\/product\/pokemon-electronic-mini-premier-ball-replica\/","title":{"rendered":"Pokemon Electronic Mini Premier Ball Replica"},"content":{"rendered":"<p>Mini Premier Ball l\u00e5ter fans och tr\u00e4nare samla Pok\u00e9 Balls i en ny, miniatyrstorlek.<\/p>\n<p>Tillverkad med samma display-kvalitet och ultrapremium, precisionsgjutna metallkonstruktion som Kotobukiyas Die-Cast-serie, \u00e4r denna nya Mini Premier Ball Replica uts\u00f6kt f\u00e4rdigst\u00e4lld och utrustad med ber\u00f6rings- och n\u00e4rhetsavk\u00e4nningsteknik.<\/p>\n<p>Replikan levereras med ett nytt pekstyrt displayst\u00e4ll f\u00f6r Mini-Premier-Ball som har en flerf\u00e4rgad upplyst Pok\u00e9mon-logotyp och en upplyst displayring. Mini Premier Ball kan \u00e4ven visas p\u00e5 en egen silverpl\u00e4terad, autentiskt pr\u00e4glad token med Eevee-silhuetter.<\/p>\n<p>Denna detaljrika kopia av den ikoniska Premier Ball \u00e4r ett elegant tillskott som ger din Pok\u00e9 Ball-samling b\u00e5de bredd och h\u00f6g finish.<\/p>","protected":false},"excerpt":{"rendered":"<p>Mini Premier Ball l\u00e5ter fans och tr\u00e4nare samla Pok\u00e9 Balls i en ny, miniatyrstorlek.<\/p>\n<p>Tillverkad med samma display-kvalitet och ultrapremium, precisionsgjutna metallkonstruktion som Kotobukiyas Die-Cast-serie, \u00e4r denna nya Mini Premier Ball Replica uts\u00f6kt f\u00e4rdigst\u00e4lld och utrustad med ber\u00f6rings- och <\/p>","protected":false},"featured_media":93950,"comment_status":"closed","ping_status":"closed","template":"","meta":{"_acf_changed":false},"product_brand":[7712],"product_cat":[7710],"product_tag":[24],"class_list":{"0":"post-93784","1":"product","2":"type-product","3":"status-publish","4":"has-post-thumbnail","6":"product_brand-wand-company","7":"product_cat-pokemon","8":"product_tag-2-3-weeks","9":"pa_franchise-pokemon","10":"pa_material-metal","12":"first","13":"instock","14":"taxable","15":"shipping-taxable","16":"purchasable","17":"product-type-simple"},"acf":[],"_links":{"self":[{"href":"https:\/\/parlor.webgiantdemo.se\/en\/wp-json\/wp\/v2\/product\/93784","targetHints":{"allow":["GET"]}}],"collection":[{"href":"https:\/\/parlor.webgiantdemo.se\/en\/wp-json\/wp\/v2\/product"}],"about":[{"href":"https:\/\/parlor.webgiantdemo.se\/en\/wp-json\/wp\/v2\/types\/product"}],"replies":[{"embeddable":true,"href":"https:\/\/parlor.webgiantdemo.se\/en\/wp-json\/wp\/v2\/comments?post=93784"}],"wp:featuredmedia":[{"embeddable":true,"href":"https:\/\/parlor.webgiantdemo.se\/en\/wp-json\/wp\/v2\/media\/93950"}],"wp:attachment":[{"href":"https:\/\/parlor.webgiantdemo.se\/en\/wp-json\/wp\/v2\/media?parent=93784"}],"wp:term":[{"taxonomy":"product_brand","embeddable":true,"href":"https:\/\/parlor.webgiantdemo.se\/en\/wp-json\/wp\/v2\/product_brand?post=93784"},{"taxonomy":"product_cat","embeddable":true,"href":"https:\/\/parlor.webgiantdemo.se\/en\/wp-json\/wp\/v2\/product_cat?post=93784"},{"taxonomy":"product_tag","embeddable":true,"href":"https:\/\/parlor.webgiantdemo.se\/en\/wp-json\/wp\/v2\/product_tag?post=93784"}],"curies":[{"name":"wp","href":"https:\/\/api.w.org\/{rel}","templated":true}]}}