{"id":93772,"date":"2026-03-24T14:57:38","date_gmt":"2026-03-24T13:57:38","guid":{"rendered":"https:\/\/pokemonfigurer.webgiantdemo.se\/?post_type=product&#038;p=93772"},"modified":"2026-03-24T14:58:14","modified_gmt":"2026-03-24T13:58:14","slug":"pokemon-artfx-j-juliana-with-sprigatito","status":"publish","type":"product","link":"https:\/\/parlor.webgiantdemo.se\/en\/product\/pokemon-artfx-j-juliana-with-sprigatito\/","title":{"rendered":"Pokemon ArtFX J Juliana with Sprigatito"},"content":{"rendered":"<p>Fr\u00e5n Kotobukiyas ARTFX J-serie kommer denna h\u00f6gdetaljerade staty ur Pok\u00e9mon-universumet. Figuren i skala 1\/8 \u00e4r ca 20 cm h\u00f6g och levereras med motsvarande Pok\u00e9mon och bas i en tryckt f\u00f6nsterl\u00e5da.<\/p>\n<p>Juliana och hennes Sprigatito fr\u00e5n Pok\u00e9mon Scarlet &amp; Violet ansluter sig till samlingen!<\/p>\n<p>Statyerna bygger p\u00e5 illustrationer av Hitoshi Ariga. Julianas lyckliga ansiktsuttryck f\u00e5ngar hennes entusiasm n\u00e4r hon ger sig ut p\u00e5 \u00e4ventyr i Paldea \u2013 ett motiv som lyser upp varje hylla.<\/p>\n<p>Hennes Naranja Academy-uniform och ryggs\u00e4ck \u00e4r noggrant m\u00e5lade och texturerade f\u00f6r en realistisk k\u00e4nsla. Sprigatito vid hennes f\u00f6tter \u00e5terger Pok\u00e9monens graci\u00f6sa natur med stor omsorg.<\/p>\n<p>Ge ditt lag en s\u00f6t uppgradering och l\u00e4gg till detta par!<\/p>","protected":false},"excerpt":{"rendered":"<p>Fr\u00e5n Kotobukiyas ARTFX J-serie kommer denna h\u00f6gdetaljerade staty ur Pok\u00e9mon-universumet. Figuren i skala 1\/8 \u00e4r ca 20 cm h\u00f6g och levereras med motsvarande Pok\u00e9mon och bas i en tryckt f\u00f6nsterl\u00e5da.<\/p>\n<p>Juliana och hennes Sprigatito fr\u00e5n Pok\u00e9mon Scarlet &amp; Violet ansluter sig till samlingen!<\/p>\n<p>Statyerna<\/p>","protected":false},"featured_media":93865,"comment_status":"closed","ping_status":"closed","template":"","meta":{"_acf_changed":false},"product_brand":[7713],"product_cat":[7710],"product_tag":[24],"class_list":{"0":"post-93772","1":"product","2":"type-product","3":"status-publish","4":"has-post-thumbnail","6":"product_brand-kotobukiya","7":"product_cat-pokemon","8":"product_tag-2-3-weeks","9":"pa_franchise-pokemon","10":"pa_karaktar-juliana","11":"pa_material-pvc-abs","12":"pa_produktserie-artfx-j","13":"pa_skala-554","14":"pa_storlek-20-cm","16":"first","17":"instock","18":"sale","19":"taxable","20":"shipping-taxable","21":"purchasable","22":"product-type-simple"},"acf":[],"_links":{"self":[{"href":"https:\/\/parlor.webgiantdemo.se\/en\/wp-json\/wp\/v2\/product\/93772","targetHints":{"allow":["GET"]}}],"collection":[{"href":"https:\/\/parlor.webgiantdemo.se\/en\/wp-json\/wp\/v2\/product"}],"about":[{"href":"https:\/\/parlor.webgiantdemo.se\/en\/wp-json\/wp\/v2\/types\/product"}],"replies":[{"embeddable":true,"href":"https:\/\/parlor.webgiantdemo.se\/en\/wp-json\/wp\/v2\/comments?post=93772"}],"wp:featuredmedia":[{"embeddable":true,"href":"https:\/\/parlor.webgiantdemo.se\/en\/wp-json\/wp\/v2\/media\/93865"}],"wp:attachment":[{"href":"https:\/\/parlor.webgiantdemo.se\/en\/wp-json\/wp\/v2\/media?parent=93772"}],"wp:term":[{"taxonomy":"product_brand","embeddable":true,"href":"https:\/\/parlor.webgiantdemo.se\/en\/wp-json\/wp\/v2\/product_brand?post=93772"},{"taxonomy":"product_cat","embeddable":true,"href":"https:\/\/parlor.webgiantdemo.se\/en\/wp-json\/wp\/v2\/product_cat?post=93772"},{"taxonomy":"product_tag","embeddable":true,"href":"https:\/\/parlor.webgiantdemo.se\/en\/wp-json\/wp\/v2\/product_tag?post=93772"}],"curies":[{"name":"wp","href":"https:\/\/api.w.org\/{rel}","templated":true}]}}