{"id":93771,"date":"2026-03-24T14:57:38","date_gmt":"2026-03-24T13:57:38","guid":{"rendered":"https:\/\/pokemonfigurer.webgiantdemo.se\/?post_type=product&#038;p=93771"},"modified":"2026-03-24T14:58:04","modified_gmt":"2026-03-24T13:58:04","slug":"pokemon-artfx-j-florian-with-fuecoco","status":"publish","type":"product","link":"https:\/\/parlor.webgiantdemo.se\/en\/product\/pokemon-artfx-j-florian-with-fuecoco\/","title":{"rendered":"Pokemon ArtFX J Florian with Fuecoco"},"content":{"rendered":"<p>Fr\u00e5n Kotobukiyas ARTFX J-linje kommer denna detaljrika staty fr\u00e5n Pok\u00e9mon-universumet. Figuren i skala 1\/8 \u00e4r ca 20 cm h\u00f6g och levereras med matchande Pok\u00e9mon och bas i en tryckt f\u00f6nsterl\u00e5da.<\/p>\n<p>Florian och hans partner Fuecoco fr\u00e5n Pok\u00e9mon Scarlet &amp; Violet ansluter sig till lineupen!<\/p>\n<p>Statyerna \u00e4r baserade p\u00e5 illustrationer av Hitoshi Ariga. Florians f\u00f6rv\u00e4ntansfulla ansiktsuttryck f\u00e5ngar \u00f6gonblicket n\u00e4r han ger sig ut p\u00e5 skattjakt i Paldea-regionen och sprider gl\u00e4dje f\u00f6r alla som ser den.<\/p>\n<p>Hans Uva Academy-uniform och ryggs\u00e4ck har m\u00e5lats och texturerats f\u00f6r att ge en \u00e4nnu mer realistisk k\u00e4nsla. Vid hans sida st\u00e5r den charmiga Fuecoco, troget \u00e5tergiven i sm\u00e5 detaljer.<\/p>\n<p>L\u00e4gg till detta par i ditt lag idag!<\/p>","protected":false},"excerpt":{"rendered":"<p>Fr\u00e5n Kotobukiyas ARTFX J-linje kommer denna detaljrika staty fr\u00e5n Pok\u00e9mon-universumet. Figuren i skala 1\/8 \u00e4r ca 20 cm h\u00f6g och levereras med matchande Pok\u00e9mon och bas i en tryckt f\u00f6nsterl\u00e5da.<\/p>\n<p>Florian och hans partner Fuecoco fr\u00e5n Pok\u00e9mon Scarlet &amp; Violet ansluter sig till lineupen!<\/p>\n<p>Statyerna \u00e4<\/p>","protected":false},"featured_media":93833,"comment_status":"closed","ping_status":"closed","template":"","meta":{"_acf_changed":false},"product_brand":[7713],"product_cat":[7710],"product_tag":[24],"class_list":{"0":"post-93771","1":"product","2":"type-product","3":"status-publish","4":"has-post-thumbnail","6":"product_brand-kotobukiya","7":"product_cat-pokemon","8":"product_tag-2-3-weeks","9":"pa_franchise-pokemon","10":"pa_karaktar-florian","11":"pa_material-pvc-abs","12":"pa_produktserie-artfx-j","13":"pa_storlek-20-cm","15":"first","16":"instock","17":"taxable","18":"shipping-taxable","19":"purchasable","20":"product-type-simple"},"acf":[],"_links":{"self":[{"href":"https:\/\/parlor.webgiantdemo.se\/en\/wp-json\/wp\/v2\/product\/93771","targetHints":{"allow":["GET"]}}],"collection":[{"href":"https:\/\/parlor.webgiantdemo.se\/en\/wp-json\/wp\/v2\/product"}],"about":[{"href":"https:\/\/parlor.webgiantdemo.se\/en\/wp-json\/wp\/v2\/types\/product"}],"replies":[{"embeddable":true,"href":"https:\/\/parlor.webgiantdemo.se\/en\/wp-json\/wp\/v2\/comments?post=93771"}],"wp:featuredmedia":[{"embeddable":true,"href":"https:\/\/parlor.webgiantdemo.se\/en\/wp-json\/wp\/v2\/media\/93833"}],"wp:attachment":[{"href":"https:\/\/parlor.webgiantdemo.se\/en\/wp-json\/wp\/v2\/media?parent=93771"}],"wp:term":[{"taxonomy":"product_brand","embeddable":true,"href":"https:\/\/parlor.webgiantdemo.se\/en\/wp-json\/wp\/v2\/product_brand?post=93771"},{"taxonomy":"product_cat","embeddable":true,"href":"https:\/\/parlor.webgiantdemo.se\/en\/wp-json\/wp\/v2\/product_cat?post=93771"},{"taxonomy":"product_tag","embeddable":true,"href":"https:\/\/parlor.webgiantdemo.se\/en\/wp-json\/wp\/v2\/product_tag?post=93771"}],"curies":[{"name":"wp","href":"https:\/\/api.w.org\/{rel}","templated":true}]}}