{"id":93764,"date":"2026-03-24T14:57:38","date_gmt":"2026-03-24T13:57:38","guid":{"rendered":"https:\/\/pokemonfigurer.webgiantdemo.se\/?post_type=product&#038;p=93764"},"modified":"2026-03-24T14:57:47","modified_gmt":"2026-03-24T13:57:47","slug":"pokemon-plush-figure-charmander-2","status":"publish","type":"product","link":"https:\/\/parlor.webgiantdemo.se\/en\/product\/pokemon-plush-figure-charmander-2\/","title":{"rendered":"Pok\u00e9mon Plush Figure Charmander #2"},"content":{"rendered":"<p>Officiellt licensierad plyschfigur. Den \u00e4r ca 20 cm l\u00e5ng.<\/p>","protected":false},"excerpt":{"rendered":"<p>Officiellt licensierad plyschfigur. Den \u00e4r ca 20 cm l\u00e5ng.<\/p>","protected":false},"featured_media":93807,"comment_status":"closed","ping_status":"closed","template":"","meta":{"_acf_changed":false},"product_brand":[7711],"product_cat":[7710],"product_tag":[24],"class_list":{"0":"post-93764","1":"product","2":"type-product","3":"status-publish","4":"has-post-thumbnail","6":"product_brand-jazwares","7":"product_cat-pokemon","8":"product_tag-2-3-weeks","9":"pa_franchise-pokemon","10":"pa_karaktar-charmander","11":"pa_material-plush","12":"pa_storlek-20-cm","14":"first","15":"instock","16":"taxable","17":"shipping-taxable","18":"purchasable","19":"product-type-simple"},"acf":[],"_links":{"self":[{"href":"https:\/\/parlor.webgiantdemo.se\/en\/wp-json\/wp\/v2\/product\/93764","targetHints":{"allow":["GET"]}}],"collection":[{"href":"https:\/\/parlor.webgiantdemo.se\/en\/wp-json\/wp\/v2\/product"}],"about":[{"href":"https:\/\/parlor.webgiantdemo.se\/en\/wp-json\/wp\/v2\/types\/product"}],"replies":[{"embeddable":true,"href":"https:\/\/parlor.webgiantdemo.se\/en\/wp-json\/wp\/v2\/comments?post=93764"}],"wp:featuredmedia":[{"embeddable":true,"href":"https:\/\/parlor.webgiantdemo.se\/en\/wp-json\/wp\/v2\/media\/93807"}],"wp:attachment":[{"href":"https:\/\/parlor.webgiantdemo.se\/en\/wp-json\/wp\/v2\/media?parent=93764"}],"wp:term":[{"taxonomy":"product_brand","embeddable":true,"href":"https:\/\/parlor.webgiantdemo.se\/en\/wp-json\/wp\/v2\/product_brand?post=93764"},{"taxonomy":"product_cat","embeddable":true,"href":"https:\/\/parlor.webgiantdemo.se\/en\/wp-json\/wp\/v2\/product_cat?post=93764"},{"taxonomy":"product_tag","embeddable":true,"href":"https:\/\/parlor.webgiantdemo.se\/en\/wp-json\/wp\/v2\/product_tag?post=93764"}],"curies":[{"name":"wp","href":"https:\/\/api.w.org\/{rel}","templated":true}]}}