{"id":9,"date":"2025-10-15T20:51:13","date_gmt":"2025-10-15T20:51:13","guid":{"rendered":"https:\/\/animefigurer.se\/varukorg\/"},"modified":"2025-10-16T00:58:32","modified_gmt":"2025-10-15T22:58:32","slug":"varukorg","status":"publish","type":"page","link":"https:\/\/parlor.webgiantdemo.se\/en\/varukorg\/","title":{"rendered":"Varukorg"},"content":{"rendered":"<div data-block-name=\"woocommerce\/cart\" class=\"wp-block-woocommerce-cart alignwide is-loading\">\n<div data-block-name=\"woocommerce\/filled-cart-block\" class=\"wp-block-woocommerce-filled-cart-block\">\n<div data-block-name=\"woocommerce\/cart-items-block\" class=\"wp-block-woocommerce-cart-items-block\">\n<div data-block-name=\"woocommerce\/cart-line-items-block\" class=\"wp-block-woocommerce-cart-line-items-block\"><\/div>\n\n\n<\/div>\n\n\n\n\n<div data-block-name=\"woocommerce\/cart-totals-block\" class=\"wp-block-woocommerce-cart-totals-block\">\n<div data-block-name=\"woocommerce\/cart-order-summary-block\" class=\"wp-block-woocommerce-cart-order-summary-block\">\n<div data-block-name=\"woocommerce\/cart-order-summary-heading-block\" class=\"wp-block-woocommerce-cart-order-summary-heading-block\"><\/div><div data-block-name=\"woocommerce\/cart-order-summary-coupon-form-block\" class=\"wp-block-woocommerce-cart-order-summary-coupon-form-block\"><\/div><div data-block-name=\"woocommerce\/cart-order-summary-totals-block\" class=\"wp-block-woocommerce-cart-order-summary-totals-block\">\n<div data-block-name=\"woocommerce\/cart-order-summary-subtotal-block\" class=\"wp-block-woocommerce-cart-order-summary-subtotal-block\"><\/div>\n<div data-block-name=\"woocommerce\/cart-order-summary-discount-block\" class=\"wp-block-woocommerce-cart-order-summary-discount-block\"><\/div>\n<div data-block-name=\"woocommerce\/cart-order-summary-fee-block\" class=\"wp-block-woocommerce-cart-order-summary-fee-block\"><\/div>\n<div data-block-name=\"woocommerce\/cart-order-summary-shipping-block\" class=\"wp-block-woocommerce-cart-order-summary-shipping-block\"><\/div>\n<div data-block-name=\"woocommerce\/cart-order-summary-taxes-block\" class=\"wp-block-woocommerce-cart-order-summary-taxes-block\"><\/div><\/div>\n<\/div>\n\n\n\n<div data-block-name=\"woocommerce\/cart-express-payment-block\" class=\"wp-block-woocommerce-cart-express-payment-block\"><\/div>\n\n\n\n<div data-block-name=\"woocommerce\/proceed-to-checkout-block\" class=\"wp-block-woocommerce-proceed-to-checkout-block\"><\/div>\n\n\n\n<div data-block-name=\"woocommerce\/cart-accepted-payment-methods-block\" class=\"wp-block-woocommerce-cart-accepted-payment-methods-block\"><\/div>\n<\/div>\n<\/div>\n\n\n\n<div data-block-name=\"woocommerce\/empty-cart-block\" class=\"wp-block-woocommerce-empty-cart-block\">\n<h2 class=\"wp-block-heading has-text-align-center with-empty-cart-icon wc-block-cart__empty-cart__title\">Din varukorg \u00e4r f\u00f6r n\u00e4rvarande tom!<\/h2>\n\n\n\n<hr class=\"wp-block-separator has-alpha-channel-opacity is-style-dots\"\/>\n\n\n\n<h2 class=\"wp-block-heading has-text-align-center\">Nytt i butik<\/h2>\n\n\n<div data-block-name=\"woocommerce\/product-new\" data-columns=\"4\" data-rows=\"1\" class=\"wc-block-grid wp-block-product-new wp-block-woocommerce-product-new wc-block-product-new has-4-columns\"><ul class=\"wc-block-grid__products\"><li class=\"wc-block-grid__product\"><a href=\"https:\/\/parlor.webgiantdemo.se\/en\/product\/pokemon-by-loungefly-mini-backpack-sleeping-pikachu-floral-crown\/\" class=\"wc-block-grid__product-link\">\n\t\t\t\t\t\n\t\t\t\t\t<div class=\"wc-block-grid__product-image\"><img loading=\"lazy\" decoding=\"async\" width=\"400\" height=\"500\" src=\"https:\/\/parlor.webgiantdemo.se\/wp-content\/uploads\/2026\/03\/x_lf-pmbk0287-400x500.jpg\" class=\"attachment-woocommerce_thumbnail size-woocommerce_thumbnail\" alt=\"Pok\u00e9mon by Loungefly Mini Backpack Sleeping Pikachu Floral Crown\" srcset=\"https:\/\/parlor.webgiantdemo.se\/wp-content\/uploads\/2026\/03\/x_lf-pmbk0287-400x500.jpg 400w, https:\/\/parlor.webgiantdemo.se\/wp-content\/uploads\/2026\/03\/x_lf-pmbk0287-10x12.jpg 10w\" sizes=\"(max-width: 400px) 100vw, 400px\" \/><\/div>\n\t\t\t\t\t<div class=\"wc-block-grid__product-title\">Pok\u00e9mon by Loungefly Mini Backpack Sleeping Pikachu Floral Crown<\/div>\n\t\t\t\t<\/a>\n\t\t\t\t<div class=\"wc-block-grid__product-price price\"><span class=\"woocommerce-Price-amount amount\">559,00&nbsp;<span class=\"woocommerce-Price-currencySymbol\">&#107;&#114;<\/span><\/span><\/div>\n\t\t\t\t\n\t\t\t\t<div class=\"wp-block-button wc-block-grid__product-add-to-cart\"><a href=\"\/en\/wp-json\/wp\/v2\/pages\/9?add-to-cart=93929\" aria-label=\"Add to basket: \u201cPok\u00e9mon by Loungefly Mini Backpack Sleeping Pikachu Floral Crown\u201d\" data-quantity=\"1\" data-product_id=\"93929\" data-product_sku=\"ANM-90513\" data-price=\"559\" rel=\"nofollow\" class=\"wp-block-button__link  add_to_cart_button ajax_add_to_cart\" data-no-translation=\"\" data-trp-gettext=\"\" data-no-translation-aria-label=\"\">Add to basket<\/a><\/div>\n\t\t\t<\/li><li class=\"wc-block-grid__product\"><a href=\"https:\/\/parlor.webgiantdemo.se\/en\/product\/pikachu-life-size-figure\/\" class=\"wc-block-grid__product-link\">\n\t\t\t\t\t\n\t\t\t\t\t<div class=\"wc-block-grid__product-image\"><img loading=\"lazy\" decoding=\"async\" width=\"400\" height=\"500\" src=\"https:\/\/parlor.webgiantdemo.se\/wp-content\/uploads\/2026\/03\/sideshow-collectibles-pokemon-pikachu-life-size-figure-gallery-687192ce5a2bf-400x500.jpg\" class=\"attachment-woocommerce_thumbnail size-woocommerce_thumbnail\" alt=\"Pikachu Life-size Figure\" \/><\/div>\n\t\t\t\t\t<div class=\"wc-block-grid__product-title\">Pikachu Life-size Figure<\/div>\n\t\t\t\t<\/a>\n\t\t\t\t<div class=\"wc-block-grid__product-price price\"><span class=\"woocommerce-Price-amount amount\">7 980,00&nbsp;<span class=\"woocommerce-Price-currencySymbol\">&#107;&#114;<\/span><\/span><\/div>\n\t\t\t\t\n\t\t\t\t<div class=\"wp-block-button wc-block-grid__product-add-to-cart\"><a href=\"\/en\/wp-json\/wp\/v2\/pages\/9?add-to-cart=93928\" aria-label=\"Add to basket: \u201cPikachu Life-size Figure\u201d\" data-quantity=\"1\" data-product_id=\"93928\" data-product_sku=\"ANM-M5031\" data-price=\"7980\" rel=\"nofollow\" class=\"wp-block-button__link  add_to_cart_button ajax_add_to_cart\" data-no-translation=\"\" data-trp-gettext=\"\" data-no-translation-aria-label=\"\">Add to basket<\/a><\/div>\n\t\t\t<\/li><li class=\"wc-block-grid__product\"><a href=\"https:\/\/parlor.webgiantdemo.se\/en\/product\/charizard-collectible-statue\/\" class=\"wc-block-grid__product-link\">\n\t\t\t\t\t\n\t\t\t\t\t<div class=\"wc-block-grid__product-image\"><img loading=\"lazy\" decoding=\"async\" width=\"400\" height=\"500\" src=\"https:\/\/parlor.webgiantdemo.se\/wp-content\/uploads\/2026\/03\/sideshow-collectibles-pokemon-ch-400x500.jpg\" class=\"attachment-woocommerce_thumbnail size-woocommerce_thumbnail\" alt=\"Charizard Collectible Statue\" srcset=\"https:\/\/parlor.webgiantdemo.se\/wp-content\/uploads\/2026\/03\/sideshow-collectibles-pokemon-ch-400x500.jpg 400w, https:\/\/parlor.webgiantdemo.se\/wp-content\/uploads\/2026\/03\/sideshow-collectibles-pokemon-ch-9x12.jpg 9w\" sizes=\"(max-width: 400px) 100vw, 400px\" \/><\/div>\n\t\t\t\t\t<div class=\"wc-block-grid__product-title\">Charizard Collectible Statue<\/div>\n\t\t\t\t<\/a>\n\t\t\t\t<div class=\"wc-block-grid__product-price price\"><span class=\"woocommerce-Price-amount amount\">8 980,00&nbsp;<span class=\"woocommerce-Price-currencySymbol\">&#107;&#114;<\/span><\/span><\/div>\n\t\t\t\t\n\t\t\t\t<div class=\"wp-block-button wc-block-grid__product-add-to-cart\"><a href=\"\/en\/wp-json\/wp\/v2\/pages\/9?add-to-cart=93927\" aria-label=\"Add to basket: \u201cCharizard Collectible Statue\u201d\" data-quantity=\"1\" data-product_id=\"93927\" data-product_sku=\"ANM-M5030\" data-price=\"8980\" rel=\"nofollow\" class=\"wp-block-button__link  add_to_cart_button ajax_add_to_cart\" data-no-translation=\"\" data-trp-gettext=\"\" data-no-translation-aria-label=\"\">Add to basket<\/a><\/div>\n\t\t\t<\/li><li class=\"wc-block-grid__product\"><a href=\"https:\/\/parlor.webgiantdemo.se\/en\/product\/pokemon-peaceful-moments-a-little-tale-of-the-forest-2-boxed-set-of-6-figures\/\" class=\"wc-block-grid__product-link\">\n\t\t\t\t\t\n\t\t\t\t\t<div class=\"wc-block-grid__product-image\"><img loading=\"lazy\" decoding=\"async\" width=\"400\" height=\"500\" src=\"https:\/\/parlor.webgiantdemo.se\/wp-content\/uploads\/2026\/03\/68bde80377add-400x500.avif\" class=\"attachment-woocommerce_thumbnail size-woocommerce_thumbnail\" alt=\"Pokemon Peaceful Moments! A Little Tale of the Forest 2 Boxed Set of 6 Figures\" \/><\/div>\n\t\t\t\t\t<div class=\"wc-block-grid__product-title\">Pokemon Peaceful Moments! A Little Tale of the Forest 2 Boxed Set of 6 Figures<\/div>\n\t\t\t\t<\/a>\n\t\t\t\t<div class=\"wc-block-grid__product-price price\"><span class=\"woocommerce-Price-amount amount\">1 139,00&nbsp;<span class=\"woocommerce-Price-currencySymbol\">&#107;&#114;<\/span><\/span><\/div>\n\t\t\t\t\n\t\t\t\t<div class=\"wp-block-button wc-block-grid__product-add-to-cart\"><a href=\"\/en\/wp-json\/wp\/v2\/pages\/9?add-to-cart=93864\" aria-label=\"Add to basket: \u201cPokemon Peaceful Moments! A Little Tale of the Forest 2 Boxed Set of 6 Figures\u201d\" data-quantity=\"1\" data-product_id=\"93864\" data-product_sku=\"ANM-57179\" data-price=\"1139\" rel=\"nofollow\" class=\"wp-block-button__link  add_to_cart_button ajax_add_to_cart\" data-no-translation=\"\" data-trp-gettext=\"\" data-no-translation-aria-label=\"\">Add to basket<\/a><\/div>\n\t\t\t<\/li><\/ul><\/div><\/div>\n<\/div>","protected":false},"excerpt":{"rendered":"","protected":false},"author":1,"featured_media":0,"parent":0,"menu_order":0,"comment_status":"closed","ping_status":"closed","template":"","meta":{"_acf_changed":false,"footnotes":""},"class_list":["post-9","page","type-page","status-publish","hentry"],"acf":[],"_links":{"self":[{"href":"https:\/\/parlor.webgiantdemo.se\/en\/wp-json\/wp\/v2\/pages\/9","targetHints":{"allow":["GET"]}}],"collection":[{"href":"https:\/\/parlor.webgiantdemo.se\/en\/wp-json\/wp\/v2\/pages"}],"about":[{"href":"https:\/\/parlor.webgiantdemo.se\/en\/wp-json\/wp\/v2\/types\/page"}],"author":[{"embeddable":true,"href":"https:\/\/parlor.webgiantdemo.se\/en\/wp-json\/wp\/v2\/users\/1"}],"replies":[{"embeddable":true,"href":"https:\/\/parlor.webgiantdemo.se\/en\/wp-json\/wp\/v2\/comments?post=9"}],"version-history":[{"count":0,"href":"https:\/\/parlor.webgiantdemo.se\/en\/wp-json\/wp\/v2\/pages\/9\/revisions"}],"wp:attachment":[{"href":"https:\/\/parlor.webgiantdemo.se\/en\/wp-json\/wp\/v2\/media?parent=9"}],"curies":[{"name":"wp","href":"https:\/\/api.w.org\/{rel}","templated":true}]}}