{"id":12,"date":"2025-10-15T23:28:49","date_gmt":"2025-10-15T21:28:49","guid":{"rendered":"https:\/\/animefigurer.se\/?page_id=12"},"modified":"2026-02-25T17:29:22","modified_gmt":"2026-02-25T16:29:22","slug":"return-policy","status":"publish","type":"page","link":"https:\/\/parlor.webgiantdemo.se\/en\/return-policy\/","title":{"rendered":"\u00c5terbetalnings- och returpolicy"},"content":{"rendered":"<h1>\n<p>Pre-orders<\/p>\n<\/h1>\n<div>\n<p><b>Om du \u00f6nskar avboka din preorder, h\u00f6r av dig till oss s\u00e5 fort som m\u00f6jligt.<span>\u00a0<\/span><\/b><span>Fr\u00e5n och med att vi f\u00e5tt den slutliga fakturan f\u00f6r din produkt fr\u00e5n v\u00e5r leverant\u00f6r s\u00e5 godk\u00e4nner vi inte l\u00e4ngre avbokningar. Detta p\u00e5 grund av att vi d\u00e5 inte l\u00e4ngre kan h\u00e4va k\u00f6pet hos dem.<\/span><\/p>\n<p data-start=\"0\" data-end=\"609\"><strong data-start=\"0\" data-end=\"36\">Fr\u00e5n prelaunch till releasedatum<\/strong><br data-start=\"36\" data-end=\"39\" \/>P\u00e5 den japanska marknaden beh\u00f6ver produkter i regel bokas upp ungef\u00e4r fyra m\u00e5nader i f\u00f6rv\u00e4g, s\u00e5 att distribut\u00f6ren kan vara s\u00e4ker p\u00e5 att f\u00e5 det antal som efterfr\u00e5gas. Eftersom det dessutom tar ytterligare cirka 2\u20133 m\u00e5nader fr\u00e5n att en produkt sl\u00e4pps i Japan tills den finns tillg\u00e4nglig internationellt, inneb\u00e4r det att vi som europeisk distribut\u00f6r ofta m\u00e5ste l\u00e4gga f\u00f6rbest\u00e4llningar ungef\u00e4r ett halv\u00e5r innan lansering. Och ja \u2013 redan vid det laget kan lagret ta slut v\u00e4ldigt snabbt, s\u00e5 det g\u00e4ller att vara tidigt ute om du vill s\u00e4kra just den produkt du \u00e4r intresserad av.<\/p>\n<p data-start=\"611\" data-end=\"832\" data-is-last-node=\"\" data-is-only-node=\"\">Om releasedatumet skulle flyttas fram betydligt mer \u00e4n planerat och du d\u00e4rf\u00f6r inte l\u00e4ngre vill ha produkten, h\u00f6r av dig till oss. D\u00e5 tar vi kontakt med leverant\u00f6ren och ser om det finns m\u00f6jlighet att avboka best\u00e4llningen.<\/p>\n<\/div>\n<h1>I lager eller 2-3 veckor produkter<\/h1>\n<div>\n<p><b>Dessa produkter har du som kund \u00e5ngerr\u00e4tt 14 dagar fr\u00e5n att ni f\u00e5tt produkten levererat.\u00a0<br \/>Du som kund st\u00e5r sj\u00e4lv f\u00f6r fraktkostnad tillbaka till oss p\u00e5 animefigurer.se<\/b><\/p>\n<\/div>\n<h1>\u00d6ppnad produkt<\/h1>\n<div>\n<p><b>Om produkten inte \u00e4r i sin originalf\u00f6rpackning eller \u00f6ppnad s\u00e5 godk\u00e4nner vi inte \u00e5terk\u00f6p.\u00a0<\/b><\/p>\n<\/div>\n<p><!--more--><br \/>\n<!-- {\"type\":\"layout\",\"children\":[{\"type\":\"section\",\"props\":{\"image_position\":\"center-center\",\"style\":\"default\",\"title_breakpoint\":\"xl\",\"title_position\":\"top-left\",\"title_rotation\":\"left\",\"vertical_align\":\"middle\",\"width\":\"default\"},\"children\":[{\"type\":\"row\",\"children\":[{\"type\":\"column\",\"props\":{\"image_position\":\"center-center\",\"position_sticky_breakpoint\":\"m\"},\"children\":[{\"type\":\"headline\",\"props\":{\"content\":\"\n\n<p>Pre-orders<\\\/p>\",\"title_element\":\"h1\"}},{\"type\":\"text\",\"props\":{\"column_breakpoint\":\"m\",\"content\":\"\n\n<p><b>Om du \\u00f6nskar avboka din preorder, h\\u00f6r av dig till oss s\\u00e5 fort som m\\u00f6jligt.<span>\\u00a0<\\\/span><\\\/b><span>Fr\\u00e5n och med att vi f\\u00e5tt den slutliga fakturan f\\u00f6r din produkt fr\\u00e5n v\\u00e5r leverant\\u00f6r s\\u00e5 godk\\u00e4nner vi inte l\\u00e4ngre avbokningar. Detta p\\u00e5 grund av att vi d\\u00e5 inte l\\u00e4ngre kan h\\u00e4va k\\u00f6pet hos dem.<\\\/span><\\\/p>\\n\n\n<p data-start=\\\"0\\\" data-end=\\\"609\\\"><strong data-start=\\\"0\\\" data-end=\\\"36\\\">Fr\\u00e5n prelaunch till releasedatum<\\\/strong><br data-start=\\\"36\\\" data-end=\\\"39\\\" \\\/>P\\u00e5 den japanska marknaden beh\\u00f6ver produkter i regel bokas upp ungef\\u00e4r fyra m\\u00e5nader i f\\u00f6rv\\u00e4g, s\\u00e5 att distribut\\u00f6ren kan vara s\\u00e4ker p\\u00e5 att f\\u00e5 det antal som efterfr\\u00e5gas. Eftersom det dessutom tar ytterligare cirka 2\\u20133 m\\u00e5nader fr\\u00e5n att en produkt sl\\u00e4pps i Japan tills den finns tillg\\u00e4nglig internationellt, inneb\\u00e4r det att vi som europeisk distribut\\u00f6r ofta m\\u00e5ste l\\u00e4gga f\\u00f6rbest\\u00e4llningar ungef\\u00e4r ett halv\\u00e5r innan lansering. Och ja \\u2013 redan vid det laget kan lagret ta slut v\\u00e4ldigt snabbt, s\\u00e5 det g\\u00e4ller att vara tidigt ute om du vill s\\u00e4kra just den produkt du \\u00e4r intresserad av.<\\\/p>\\n\n\n<p data-start=\\\"611\\\" data-end=\\\"832\\\" data-is-last-node=\\\"\\\" data-is-only-node=\\\"\\\">Om releasedatumet skulle flyttas fram betydligt mer \\u00e4n planerat och du d\\u00e4rf\\u00f6r inte l\\u00e4ngre vill ha produkten, h\\u00f6r av dig till oss. D\\u00e5 tar vi kontakt med leverant\\u00f6ren och ser om det finns m\\u00f6jlighet att avboka best\\u00e4llningen.<\\\/p>\",\"margin\":\"default\"}}]}]}]},{\"type\":\"section\",\"props\":{\"image_position\":\"center-center\",\"style\":\"default\",\"title_breakpoint\":\"xl\",\"title_position\":\"top-left\",\"title_rotation\":\"left\",\"vertical_align\":\"middle\",\"width\":\"default\"},\"children\":[{\"type\":\"row\",\"children\":[{\"type\":\"column\",\"props\":{\"image_position\":\"center-center\",\"position_sticky_breakpoint\":\"m\"},\"children\":[{\"type\":\"headline\",\"props\":{\"content\":\"I lager eller 2-3 veckor produkter\",\"title_element\":\"h1\"}},{\"type\":\"text\",\"props\":{\"column_breakpoint\":\"m\",\"content\":\"\n\n<p><b>Dessa produkter har du som kund \\u00e5ngerr\\u00e4tt 14 dagar fr\\u00e5n att ni f\\u00e5tt produkten levererat.\\u00a0<br \\\/>Du som kund st\\u00e5r sj\\u00e4lv f\\u00f6r fraktkostnad tillbaka till oss p\\u00e5 animefigurer.se<\\\/b><\\\/p>\",\"margin\":\"default\"}},{\"type\":\"headline\",\"props\":{\"content\":\"\\u00d6ppnad produkt\",\"title_element\":\"h1\"}},{\"type\":\"text\",\"props\":{\"column_breakpoint\":\"m\",\"content\":\"\n\n<p><b>Om produkten inte \\u00e4r i sin originalf\\u00f6rpackning eller \\u00f6ppnad s\\u00e5 godk\\u00e4nner vi inte \\u00e5terk\\u00f6p.\\u00a0<\\\/b><\\\/p>\",\"margin\":\"default\"}}]}]}]}],\"version\":\"4.5.33\"} --><\/p>","protected":false},"excerpt":{"rendered":"<p>Pre-orders Om du \u00f6nskar avboka din preorder, h\u00f6r av dig till oss s\u00e5 fort som m\u00f6jligt.\u00a0Fr\u00e5n och med att vi f\u00e5tt den slutliga fakturan f\u00f6r din produkt fr\u00e5n v\u00e5r leverant\u00f6r s\u00e5 godk\u00e4nner vi inte l\u00e4ngre avbokningar. Detta p\u00e5 grund av att vi d\u00e5 inte l\u00e4ngre kan h\u00e4va k\u00f6pet hos dem. Fr\u00e5n prelaunch till releasedatumP\u00e5 den [&hellip;]<\/p>","protected":false},"author":1,"featured_media":0,"parent":0,"menu_order":0,"comment_status":"closed","ping_status":"closed","template":"","meta":{"_acf_changed":false,"footnotes":""},"class_list":["post-12","page","type-page","status-publish","hentry"],"acf":[],"_links":{"self":[{"href":"https:\/\/parlor.webgiantdemo.se\/en\/wp-json\/wp\/v2\/pages\/12","targetHints":{"allow":["GET"]}}],"collection":[{"href":"https:\/\/parlor.webgiantdemo.se\/en\/wp-json\/wp\/v2\/pages"}],"about":[{"href":"https:\/\/parlor.webgiantdemo.se\/en\/wp-json\/wp\/v2\/types\/page"}],"author":[{"embeddable":true,"href":"https:\/\/parlor.webgiantdemo.se\/en\/wp-json\/wp\/v2\/users\/1"}],"replies":[{"embeddable":true,"href":"https:\/\/parlor.webgiantdemo.se\/en\/wp-json\/wp\/v2\/comments?post=12"}],"version-history":[{"count":4,"href":"https:\/\/parlor.webgiantdemo.se\/en\/wp-json\/wp\/v2\/pages\/12\/revisions"}],"predecessor-version":[{"id":90645,"href":"https:\/\/parlor.webgiantdemo.se\/en\/wp-json\/wp\/v2\/pages\/12\/revisions\/90645"}],"wp:attachment":[{"href":"https:\/\/parlor.webgiantdemo.se\/en\/wp-json\/wp\/v2\/media?parent=12"}],"curies":[{"name":"wp","href":"https:\/\/api.w.org\/{rel}","templated":true}]}}